{"id":88,"date":"2023-03-01T14:03:52","date_gmt":"2023-03-01T13:03:52","guid":{"rendered":"https:\/\/camillamarks.com\/?page_id=88"},"modified":"2023-11-05T17:42:42","modified_gmt":"2023-11-05T16:42:42","slug":"politica-sui-cookie","status":"publish","type":"page","link":"https:\/\/camillamarks.com\/it\/politica-de-cookies\/","title":{"rendered":"Politica sui cookie"},"content":{"rendered":"<p>Questo sito web utilizza i cookie. Qui spieghiamo cosa sono i cookie e come li utilizziamo sul nostro sito web. Puoi modificare le tue preferenze sui cookie in qualsiasi momento:<\/p>\n<p style=\"text-align: center;\"><a href=\"#\" class=\"_brlbs-btn-cookie-preference borlabs-cookie-preference\">Preferenze sui cookie<\/a><\/p>\n<hr \/>\n<p>In ottemperanza alla Legge 34\/2002, dell&#039;11 luglio, sui Servizi della Societ\u00e0 dell&#039;Informazione e del Commercio Elettronico, ti informiamo che questo sito web, come la maggior parte dei siti web su Internet, utilizza i cookie per migliorare e ottimizzare l&#039;esperienza dell&#039;utente.<\/p>\n<p>Di seguito troverai informazioni dettagliate su cosa sono i cookie, quali tipologie utilizza questo sito web, come modificare le impostazioni dei cookie e cosa succede se disabiliti i cookie.<\/p>\n<h2>Cosa sono i cookie?<\/h2>\n<p>Un cookie \u00e8 un piccolo file che viene scaricato sul computer dell&#039;utente per memorizzare dati, che possono poi essere aggiornati e recuperati dall&#039;ente responsabile della sua installazione.<\/p>\n<h2>Che tipo di cookie utilizza questo sito web?<\/h2>\n<p>Di seguito \u00e8 riportata una tabella che mostra i cookie utilizzati su questo sito web. Puoi conoscere i trasferimenti verso paesi terzi, se presenti, effettuati dalle terze parti identificate nella presente politica sui cookie nelle rispettive politiche.<\/p>\n<div class=\"BorlabsCookie\"><h3 class=\"_brlbs _brlbs-cg-essential\">Essenziale<\/h3><p class=\"_brlbs _brlbs-cg-essential\">I cookie essenziali abilitano le funzioni di base e sono necessari per il corretto funzionamento del sito web.<\/p><h4 class=\"_brlbs _brlbs-c-borlabs-cookie\">Biscotto Borlabs<\/h4><div class=\"_brlbs-responsive-table\"><table class=\"_brlbs _brlbs-c-borlabs-cookie\"><tr><th scope=\"row\">Nome<\/th><td>Biscotto Borlabs<\/td><\/tr><tr><th scope=\"row\">Fornitore<\/th><td>Proprietario di questo sito web<span>, <\/span><a href=\"https:\/\/camillamarks.com\/it\/avviso-legale\/\">Avviso legale<\/a><\/td><\/tr><tr><th scope=\"row\">Scopo<\/th><td>Salva le preferenze del visitatore selezionate nella Borlabs Cookie Box.<\/td><\/tr><tr><th scope=\"row\">Nome del cookie<\/th><td>borlabs-cookie<\/td><\/tr><tr><th scope=\"row\">Scadenza dei cookie<\/th><td>1 anno<\/td><\/tr><\/table><\/div><h3 class=\"_brlbs _brlbs-cg-statistics\">Statistiche<\/h3><p class=\"_brlbs _brlbs-cg-statistics\">I cookie statistici raccolgono informazioni in forma anonima. Queste informazioni ci aiutano a capire come i nostri visitatori utilizzano il nostro sito web.<\/p><h3 class=\"_brlbs _brlbs-cg-external-media\">Media esterni<\/h3><p class=\"_brlbs _brlbs-cg-external-media\">I contenuti sulle piattaforme video e sui social media sono bloccati per impostazione predefinita. Se i cookie provenienti da media esterni vengono accettati, l&#039;accesso a tali contenuti non richiede pi\u00f9 il consenso manuale.<\/p><h4 class=\"_brlbs _brlbs-c-facebook\">Fai clic su Mi Piace<\/h4><div class=\"_brlbs-responsive-table\"><table class=\"_brlbs _brlbs-c-facebook\"><tr><th scope=\"row\">Nome<\/th><td>Fai clic su Mi Piace<\/td><\/tr><tr><th scope=\"row\">Fornitore<\/th><td>Meta Platforms Ireland Limited, 4 Grand Canal Square, Dublino 2, Irlanda<\/td><\/tr><tr><th scope=\"row\">Scopo<\/th><td>Utilizzato per sbloccare i contenuti di Facebook.<\/td><\/tr><tr><th scope=\"row\">politica sulla riservatezza<\/th><td><a href=\"https:\/\/www.facebook.com\/privacy\/explanation\" target=\"_blank\" rel=\"nofollow noopener noreferrer\">https:\/\/www.facebook.com\/privacy\/explanation<\/a><\/td><\/tr><tr><th scope=\"row\">Ospite(i)<\/th><td>.facebook.com<\/td><\/tr><\/table><\/div><h4 class=\"_brlbs _brlbs-c-googlemaps\">Google Maps<\/h4><div class=\"_brlbs-responsive-table\"><table class=\"_brlbs _brlbs-c-googlemaps\"><tr><th scope=\"row\">Nome<\/th><td>Google Maps<\/td><\/tr><tr><th scope=\"row\">Fornitore<\/th><td>Google Ireland Limited, Gordon House, Barrow Street, Dublino 4, Irlanda<\/td><\/tr><tr><th scope=\"row\">Scopo<\/th><td>Utilizzato per sbloccare i contenuti di Google Maps.<\/td><\/tr><tr><th scope=\"row\">politica sulla riservatezza<\/th><td><a href=\"https:\/\/policies.google.com\/privacy?hl=enl=en\" target=\"_blank\" rel=\"nofollow noopener noreferrer\">https:\/\/policies.google.com\/privacy?hl=enl=en<\/a><\/td><\/tr><tr><th scope=\"row\">Ospite(i)<\/th><td>.google.com<\/td><\/tr><tr><th scope=\"row\">Nome del cookie<\/th><td>NID<\/td><\/tr><tr><th scope=\"row\">Scadenza dei cookie<\/th><td>6 mesi<\/td><\/tr><\/table><\/div><h4 class=\"_brlbs _brlbs-c-instagram\">Profilo utente<\/h4><div class=\"_brlbs-responsive-table\"><table class=\"_brlbs _brlbs-c-instagram\"><tr><th scope=\"row\">Nome<\/th><td>Profilo utente<\/td><\/tr><tr><th scope=\"row\">Fornitore<\/th><td>Meta Platforms Ireland Limited, 4 Grand Canal Square, Dublino 2, Irlanda<\/td><\/tr><tr><th scope=\"row\">Scopo<\/th><td>Utilizzato per sbloccare i contenuti di Instagram.<\/td><\/tr><tr><th scope=\"row\">politica sulla riservatezza<\/th><td><a href=\"https:\/\/www.instagram.com\/legal\/privacy\/\" target=\"_blank\" rel=\"nofollow noopener noreferrer\">https:\/\/www.instagram.com\/legal\/privacy\/<\/a><\/td><\/tr><tr><th scope=\"row\">Ospite(i)<\/th><td>.instagram.com<\/td><\/tr><tr><th scope=\"row\">Nome del cookie<\/th><td>pigeon_state<\/td><\/tr><tr><th scope=\"row\">Scadenza dei cookie<\/th><td>Sessione<\/td><\/tr><\/table><\/div><h4 class=\"_brlbs _brlbs-c-youtube\">YouTube<\/h4><div class=\"_brlbs-responsive-table\"><table class=\"_brlbs _brlbs-c-youtube\"><tr><th scope=\"row\">Nome<\/th><td>YouTube<\/td><\/tr><tr><th scope=\"row\">Fornitore<\/th><td>Google Ireland Limited, Gordon House, Barrow Street, Dublino 4, Irlanda<\/td><\/tr><tr><th scope=\"row\">Scopo<\/th><td>Utilizzato per sbloccare i contenuti di YouTube.<\/td><\/tr><tr><th scope=\"row\">politica sulla riservatezza<\/th><td><a href=\"https:\/\/policies.google.com\/privacy?hl=enl=en\" target=\"_blank\" rel=\"nofollow noopener noreferrer\">https:\/\/policies.google.com\/privacy?hl=enl=en<\/a><\/td><\/tr><tr><th scope=\"row\">Ospite(i)<\/th><td>google.com<\/td><\/tr><tr><th scope=\"row\">Nome del cookie<\/th><td>NID<\/td><\/tr><tr><th scope=\"row\">Scadenza dei cookie<\/th><td>6 mesi<\/td><\/tr><\/table><\/div><\/div>\n<h2>Come puoi configurare i tuoi Cookie?<\/h2>\n<p>Navigando e proseguendo sul nostro sito web, acconsenti all&#039;uso dei cookie secondo i termini e le condizioni stabiliti nella presente Politica sui cookie. In qualit\u00e0 di utente, hai il diritto di bloccare, eliminare e rifiutare l&#039;uso dei cookie in qualsiasi momento modificando le opzioni del tuo browser.<\/p>\n<p>Per esempio:<\/p>\n<ol>\n<li>Internet Explorer: Strumenti &gt; Opzioni Internet &gt; Privacy &gt; Impostazioni. Per ulteriori informazioni, puoi consultare il supporto Microsoft o la Guida del tuo browser.<\/li>\n<li>Mozilla Firefox: Strumenti &gt; Opzioni &gt; Privacy &gt; Cronologia &gt; Impostazioni personalizzate. Per ulteriori informazioni, puoi consultare il supporto Mozilla o la Guida del tuo browser.<\/li>\n<li>Google Chrome: Impostazioni &gt; Mostra impostazioni avanzate &gt; Privacy -&gt; Impostazioni contenuti. Per ulteriori informazioni, puoi consultare il supporto Google o la Guida del tuo browser.<\/li>\n<li>Safari: Preferenze &gt; Sicurezza. Per ulteriori informazioni, puoi consultare il supporto Apple o la Guida del tuo browser.<\/li>\n<li>Opera: Impostazioni &gt; Opzioni &gt; Avanzate &gt; Cookie Per maggiori informazioni, puoi consultare il supporto di Opera o la Guida del tuo browser.<\/li>\n<\/ol>\n<p>Se utilizzi un browser diverso da quelli menzionati sopra, consulta la relativa politica sull&#039;installazione, l&#039;utilizzo e il blocco dei cookie.<\/p>\n<h2>La cronologia dei tuoi consensi<\/h2>\n<div class=\"BorlabsCookie\" data-borlabs-cookie-consent-history><div class=\"_brlbs-responsive-table\"><table class=\"_brlbs-table\"><thead><tr><th class=\"_brlbs-table-date\" scope=\"col\">Data<\/th><th class=\"_brlbs-table-version\" scope=\"col\">Versione<\/th><th class=\"_brlbs-table-consents\" scope=\"col\">Consensi<\/th><\/tr><\/thead><\/table><\/div><\/div>\n<h2>Cosa succede se i cookie vengono disattivati?<\/h2>\n<p>Alcune funzionalit\u00e0 dei Servizi o aree di questo sito web potrebbero non funzionare correttamente.<\/p>\n<h2>Dovremmo aggiornare la nostra Politica sui cookie?<\/h2>\n<p>Potremmo aggiornare la Politica sui cookie del nostro sito web, pertanto i nostri avvocati ti invitano a rivedere questa politica ogni volta che accedi al nostro sito web, in modo da essere pienamente informato su come e perch\u00e9 utilizziamo i cookie.<\/p>","protected":false},"excerpt":{"rendered":"<p>Esta web utiliza cookies. Aqu\u00ed te explicamos qu\u00e9 son las cookies y c\u00f3mo las usamos en nuestra web. Puedes cambiar tus preferencias de cookies en cualquier momento: En cumplimiento de la Ley 34\/2002, de 11 de julio, de Servicios de la Sociedad de la Informaci\u00f3n y Comercio Electr\u00f3nico, te informamos de que este sitio web, [&hellip;]<\/p>\n","protected":false},"author":1,"featured_media":0,"parent":0,"menu_order":11,"comment_status":"closed","ping_status":"closed","template":"","meta":{"_joinchat":[],"footnotes":""},"class_list":["post-88","page","type-page","status-publish","hentry"],"yoast_head":"<!-- This site is optimized with the Yoast SEO plugin v27.4 - https:\/\/yoast.com\/product\/yoast-seo-wordpress\/ -->\n<title>Pol\u00edtica de cookies - Camilla Marks<\/title>\n<meta name=\"description\" content=\"Pol\u00edtica de cookies de Camilla Marks\" \/>\n<meta name=\"robots\" content=\"index, follow, max-snippet:-1, max-image-preview:large, max-video-preview:-1\" \/>\n<link rel=\"canonical\" href=\"https:\/\/camillamarks.com\/it\/politica-sui-cookie\/\" \/>\n<meta property=\"og:locale\" content=\"it_IT\" \/>\n<meta property=\"og:type\" content=\"article\" \/>\n<meta property=\"og:title\" content=\"Pol\u00edtica de cookies - Camilla Marks\" \/>\n<meta property=\"og:description\" content=\"Pol\u00edtica de cookies de Camilla Marks\" \/>\n<meta property=\"og:url\" content=\"https:\/\/camillamarks.com\/it\/politica-sui-cookie\/\" \/>\n<meta property=\"og:site_name\" content=\"Camilla Marks\" \/>\n<meta property=\"article:publisher\" content=\"https:\/\/facebook.com\/camiandjoy\/\" \/>\n<meta property=\"article:modified_time\" content=\"2023-11-05T16:42:42+00:00\" \/>\n<meta name=\"twitter:card\" content=\"summary_large_image\" \/>\n<script type=\"application\/ld+json\" class=\"yoast-schema-graph\">{\"@context\":\"https:\\\/\\\/schema.org\",\"@graph\":[{\"@type\":\"WebPage\",\"@id\":\"https:\\\/\\\/camillamarks.com\\\/politica-de-cookies\\\/\",\"url\":\"https:\\\/\\\/camillamarks.com\\\/politica-de-cookies\\\/\",\"name\":\"Pol\u00edtica de cookies - Camilla Marks\",\"isPartOf\":{\"@id\":\"https:\\\/\\\/camillamarks.com\\\/#website\"},\"datePublished\":\"2023-03-01T13:03:52+00:00\",\"dateModified\":\"2023-11-05T16:42:42+00:00\",\"description\":\"Pol\u00edtica de cookies de Camilla Marks\",\"breadcrumb\":{\"@id\":\"https:\\\/\\\/camillamarks.com\\\/politica-de-cookies\\\/#breadcrumb\"},\"inLanguage\":\"it-IT\",\"potentialAction\":[{\"@type\":\"ReadAction\",\"target\":[\"https:\\\/\\\/camillamarks.com\\\/politica-de-cookies\\\/\"]}]},{\"@type\":\"BreadcrumbList\",\"@id\":\"https:\\\/\\\/camillamarks.com\\\/politica-de-cookies\\\/#breadcrumb\",\"itemListElement\":[{\"@type\":\"ListItem\",\"position\":1,\"name\":\"Inicio\",\"item\":\"https:\\\/\\\/camillamarks.com\\\/\"},{\"@type\":\"ListItem\",\"position\":2,\"name\":\"Pol\u00edtica de cookies\"}]},{\"@type\":\"WebSite\",\"@id\":\"https:\\\/\\\/camillamarks.com\\\/#website\",\"url\":\"https:\\\/\\\/camillamarks.com\\\/\",\"name\":\"Camilla Marks\",\"description\":\"Comadrona, aromaterapia, educadora masaje infantil\",\"publisher\":{\"@id\":\"https:\\\/\\\/camillamarks.com\\\/#organization\"},\"potentialAction\":[{\"@type\":\"SearchAction\",\"target\":{\"@type\":\"EntryPoint\",\"urlTemplate\":\"https:\\\/\\\/camillamarks.com\\\/?s={search_term_string}\"},\"query-input\":{\"@type\":\"PropertyValueSpecification\",\"valueRequired\":true,\"valueName\":\"search_term_string\"}}],\"inLanguage\":\"it-IT\"},{\"@type\":\"Organization\",\"@id\":\"https:\\\/\\\/camillamarks.com\\\/#organization\",\"name\":\"Camilla Marks\",\"url\":\"https:\\\/\\\/camillamarks.com\\\/\",\"logo\":{\"@type\":\"ImageObject\",\"inLanguage\":\"it-IT\",\"@id\":\"https:\\\/\\\/camillamarks.com\\\/#\\\/schema\\\/logo\\\/image\\\/\",\"url\":\"https:\\\/\\\/camillamarks.com\\\/wp-content\\\/uploads\\\/2024\\\/09\\\/logo_camilla_marks.svg\",\"contentUrl\":\"https:\\\/\\\/camillamarks.com\\\/wp-content\\\/uploads\\\/2024\\\/09\\\/logo_camilla_marks.svg\",\"width\":1452,\"height\":1080,\"caption\":\"Camilla Marks\"},\"image\":{\"@id\":\"https:\\\/\\\/camillamarks.com\\\/#\\\/schema\\\/logo\\\/image\\\/\"},\"sameAs\":[\"https:\\\/\\\/facebook.com\\\/camiandjoy\\\/\",\"https:\\\/\\\/www.instagram.com\\\/marks.camilla\\\/\"]}]}<\/script>\n<!-- \/ Yoast SEO plugin. -->","yoast_head_json":{"title":"Informativa sui cookie - Camilla Marks","description":"Camilla Marks Politica sui cookie","robots":{"index":"index","follow":"follow","max-snippet":"max-snippet:-1","max-image-preview":"max-image-preview:large","max-video-preview":"max-video-preview:-1"},"canonical":"https:\/\/camillamarks.com\/it\/politica-sui-cookie\/","og_locale":"it_IT","og_type":"article","og_title":"Pol\u00edtica de cookies - Camilla Marks","og_description":"Pol\u00edtica de cookies de Camilla Marks","og_url":"https:\/\/camillamarks.com\/it\/politica-sui-cookie\/","og_site_name":"Camilla Marks","article_publisher":"https:\/\/facebook.com\/camiandjoy\/","article_modified_time":"2023-11-05T16:42:42+00:00","twitter_card":"summary_large_image","schema":{"@context":"https:\/\/schema.org","@graph":[{"@type":"WebPage","@id":"https:\/\/camillamarks.com\/politica-de-cookies\/","url":"https:\/\/camillamarks.com\/politica-de-cookies\/","name":"Informativa sui cookie - Camilla Marks","isPartOf":{"@id":"https:\/\/camillamarks.com\/#website"},"datePublished":"2023-03-01T13:03:52+00:00","dateModified":"2023-11-05T16:42:42+00:00","description":"Camilla Marks Politica sui cookie","breadcrumb":{"@id":"https:\/\/camillamarks.com\/politica-de-cookies\/#breadcrumb"},"inLanguage":"it-IT","potentialAction":[{"@type":"ReadAction","target":["https:\/\/camillamarks.com\/politica-de-cookies\/"]}]},{"@type":"BreadcrumbList","@id":"https:\/\/camillamarks.com\/politica-de-cookies\/#breadcrumb","itemListElement":[{"@type":"ListItem","position":1,"name":"Inicio","item":"https:\/\/camillamarks.com\/"},{"@type":"ListItem","position":2,"name":"Pol\u00edtica de cookies"}]},{"@type":"WebSite","@id":"https:\/\/camillamarks.com\/#website","url":"https:\/\/camillamarks.com\/","name":"Camilla Marks","description":"Ostetrica, aromaterapia, educatrice al massaggio infantile","publisher":{"@id":"https:\/\/camillamarks.com\/#organization"},"potentialAction":[{"@type":"SearchAction","target":{"@type":"EntryPoint","urlTemplate":"https:\/\/camillamarks.com\/?s={search_term_string}"},"query-input":{"@type":"PropertyValueSpecification","valueRequired":true,"valueName":"search_term_string"}}],"inLanguage":"it-IT"},{"@type":"Organization","@id":"https:\/\/camillamarks.com\/#organization","name":"Camilla Marks","url":"https:\/\/camillamarks.com\/","logo":{"@type":"ImageObject","inLanguage":"it-IT","@id":"https:\/\/camillamarks.com\/#\/schema\/logo\/image\/","url":"https:\/\/camillamarks.com\/wp-content\/uploads\/2024\/09\/logo_camilla_marks.svg","contentUrl":"https:\/\/camillamarks.com\/wp-content\/uploads\/2024\/09\/logo_camilla_marks.svg","width":1452,"height":1080,"caption":"Camilla Marks"},"image":{"@id":"https:\/\/camillamarks.com\/#\/schema\/logo\/image\/"},"sameAs":["https:\/\/facebook.com\/camiandjoy\/","https:\/\/www.instagram.com\/marks.camilla\/"]}]}},"_links":{"self":[{"href":"https:\/\/camillamarks.com\/it\/wp-json\/wp\/v2\/pages\/88","targetHints":{"allow":["GET"]}}],"collection":[{"href":"https:\/\/camillamarks.com\/it\/wp-json\/wp\/v2\/pages"}],"about":[{"href":"https:\/\/camillamarks.com\/it\/wp-json\/wp\/v2\/types\/page"}],"author":[{"embeddable":true,"href":"https:\/\/camillamarks.com\/it\/wp-json\/wp\/v2\/users\/1"}],"replies":[{"embeddable":true,"href":"https:\/\/camillamarks.com\/it\/wp-json\/wp\/v2\/comments?post=88"}],"version-history":[{"count":1,"href":"https:\/\/camillamarks.com\/it\/wp-json\/wp\/v2\/pages\/88\/revisions"}],"predecessor-version":[{"id":396,"href":"https:\/\/camillamarks.com\/it\/wp-json\/wp\/v2\/pages\/88\/revisions\/396"}],"wp:attachment":[{"href":"https:\/\/camillamarks.com\/it\/wp-json\/wp\/v2\/media?parent=88"}],"curies":[{"name":"wp","href":"https:\/\/api.w.org\/{rel}","templated":true}]}}