{"id":75,"date":"2023-03-01T13:36:51","date_gmt":"2023-03-01T12:36:51","guid":{"rendered":"https:\/\/camillamarks.com\/?page_id=75"},"modified":"2023-11-05T17:42:47","modified_gmt":"2023-11-05T16:42:47","slug":"avviso-legale","status":"publish","type":"page","link":"https:\/\/camillamarks.com\/it\/aviso-legal\/","title":{"rendered":"Avviso legale"},"content":{"rendered":"<h2>PROPRIET\u00c0<\/h2>\n<p>In ottemperanza agli obblighi stabiliti dall&#039;articolo 10 della Legge 34\/2002, dell&#039;11 luglio, sui Servizi della Societ\u00e0 dell&#039;Informazione e del Commercio Elettronico, si precisa che questa pagina corrisponde all&#039;entit\u00e0:<\/p>\n<p>Proprietario: CAMILLA SARAH MARKS \u2013 X6360184V<br \/>\nIndirizzo: Sajolida, 27 - Sant Pere de Ribes 08810<br \/>\nTelefono: 622 439 143<br \/>\nE-mail: camilla.marks@gmail.com<br \/>\nSito web: www.camillamarks.com<br \/>\n<\/p>\n<p>Per qualsiasi domanda, contattare Camilla Sarah Marks all&#039;indirizzo camilla.marks@gmail.com o telefonicamente al numero 622 439 143. Potete contattarci in qualsiasi modo.<\/p>\n<h2>SCOPO E AMBITO DEL SITO WEB<\/h2>\n<p>Le presenti Condizioni Generali di Contratto e di Utilizzo hanno lo scopo di regolamentare la fornitura di informazioni presenti sul sito web CAMILLA SARAH MARKS, nonch\u00e9 le transazioni commerciali che intercorrono tra CAMILLA SARAH MARKS e gli utenti del dominio www.camillamarks.com. Sia la navigazione sul sito web che l&#039;acquisto di uno qualsiasi dei prodotti in esso offerti implicano l&#039;accettazione incondizionata da parte dell&#039;utente di tutte e singole le presenti condizioni generali di contratto e di utilizzo. CAMILLA SARAH MARKS potr\u00e0 apportare al sito web tutti i cambiamenti e le modifiche che riterr\u00e0 opportuni e necessari per il suo corretto funzionamento, senza preavviso.<\/p>\n<h2>UTENTI<\/h2>\n<p>L&#039;accesso e\/o l&#039;utilizzo del presente portale CAMILLA SARAH MARKS conferisce all&#039;utente la condizione di UTENTE, il quale accetta, da tale accesso e\/o utilizzo, le Condizioni Generali d&#039;Uso qui riportate. L&#039;accesso al sito web \u00e8 volontario e, pertanto, sotto la responsabilit\u00e0 dell&#039;utente, il quale sar\u00e0 responsabile di qualsiasi effetto diretto o indiretto derivante dal suo utilizzo del sito web, inclusi, a titolo esemplificativo ma non esaustivo, qualsiasi risultato economico, tecnico e\/o legale negativo, nonch\u00e9 la delusione delle aspettative generate dal nostro sito web, essendo l&#039;utente tenuto a tenere indenne CAMILLA SARAH MARKS da qualsiasi pretesa derivante, direttamente o indirettamente, da tali eventi.<\/p>\n<h2>UTILIZZO DEL PORTALE<\/h2>\n<p>www.camillamarks.com fornisce accesso a una moltitudine di informazioni, servizi, programmi o dati (di seguito, &quot;i contenuti&quot;) su Internet appartenenti a CAMILLA SARAH MARKS o ai suoi licenziatari a cui l&#039;UTENTE pu\u00f2 avere accesso. L\u2019UTENTE si assume la responsabilit\u00e0 dell\u2019utilizzo del portale. Tale responsabilit\u00e0 si estende a qualsiasi registrazione richiesta per accedere a determinati servizi o contenuti. In tale registrazione l\u2019UTENTE sar\u00e0 responsabile di fornire informazioni veritiere e lecite. A seguito di tale registrazione, all&#039;UTENTE potr\u00e0 essere fornita una password della quale sar\u00e0 responsabile e si impegna a utilizzarla con diligenza e riservatezza. L&#039;UTENTE si impegna a fare un uso appropriato dei contenuti e dei servizi (quali servizi di chat, forum di discussione o newsgroup) che CAMILLA SARAH MARKS pu\u00f2 offrire attraverso il suo portale e, a titolo esemplificativo e non esaustivo, a non utilizzarli per (i) commettere attivit\u00e0 illecite, illegali o contrarie alla buona fede e all&#039;ordine pubblico; (ii) diffondere contenuti o propaganda di natura razzista, xenofoba, pornografica illegale, a sostegno del terrorismo o in violazione dei diritti umani; (iii) causare danni ai sistemi fisici e logici di CAMILLA SARAH MARKS, dei suoi fornitori o di terzi, introdurre o diffondere virus informatici o qualsiasi altro sistema fisico o logico in grado di causare il danno sopra menzionato; (iv) tentare di accedere e, ove appropriato, utilizzare gli account di posta elettronica di altri utenti e modificare o manipolare i loro messaggi. CAMILLA SARAH MARKS si riserva il diritto di rimuovere commenti e contributi che violino il rispetto della dignit\u00e0 umana, che siano discriminatori, xenofobi, razzisti, pornografici, che minaccino la giovent\u00f9 o l&#039;infanzia, l&#039;ordine pubblico o la sicurezza o che, a suo giudizio, non siano adatti alla pubblicazione. In ogni caso, CAMILLA SARAH MARKS non sar\u00e0 responsabile delle opinioni espresse dagli utenti attraverso forum, chat o altri strumenti di partecipazione.<\/p>\n<h2>PROPRIET\u00c0 INTELLETTUALE E INDUSTRIALE<\/h2>\n<p>CAMILLA SARAH MARKS, direttamente o in qualit\u00e0 di cessionario, \u00e8 titolare di tutti i diritti di propriet\u00e0 intellettuale e industriale del proprio sito web, nonch\u00e9 degli elementi in esso contenuti (ad esempio, immagini, suoni, audio, video, software o testi; marchi o loghi, combinazioni di colori, struttura e design, selezione dei materiali utilizzati, programmi informatici necessari per il suo funzionamento, accesso e utilizzo, ecc.), di propriet\u00e0 di CAMILLA SARAH MARKS o dei suoi licenziatari. Tutti i diritti riservati. Ai sensi di quanto disposto dagli articoli 8 e 32.1, secondo comma, della Legge sulla Propriet\u00e0 Intellettuale, la riproduzione, la distribuzione e la comunicazione pubblica, compresa la modalit\u00e0 di messa a disposizione, di tutto o parte del contenuto di questo sito web, a fini commerciali, su qualsiasi supporto e con qualsiasi mezzo tecnico, sono espressamente vietate senza l&#039;autorizzazione di CAMILLA SARAH MARKS.<\/p>\n<p>L&#039;UTENTE si impegna a rispettare i diritti di propriet\u00e0 intellettuale e industriale di propriet\u00e0 di CAMILLA SARAH MARKS. \u00c8 possibile visualizzare gli elementi del portale e perfino stamparli, copiarli e memorizzarli sul disco rigido del computer o su qualsiasi altro supporto fisico, a condizione che ci\u00f2 sia destinato esclusivamente al tuo uso personale e privato. L&#039;UTENTE dovr\u00e0 astenersi dall&#039;eliminare, alterare, eludere o manipolare qualsiasi dispositivo di protezione o sistema di sicurezza installato sulle pagine di CAMILLA SARAH MARKS.<\/p>\n<p>Pertanto, \u00e8 vietato l&#039;uso del sito web CAMILLA SARAH MARKS per scopi pubblici o commerciali e il contenuto del sito web non pu\u00f2 essere sfruttato, riprodotto, distribuito, modificato, comunicato pubblicamente, trasferito, trasformato o utilizzato.<\/p>\n<p>L&#039;introduzione di collegamenti ipertestuali a fini commerciali su siti web diversi da quelli di CAMILLA SARAH MARKS che consentono l&#039;accesso al nostro sito web \u00e8 espressamente vietata senza il previo consenso. In ogni caso, l&#039;esistenza di collegamenti ipertestuali su siti web diversi dal nostro non implica in nessun caso l&#039;esistenza di relazioni commerciali o economiche con il titolare del sito web in cui viene stabilito il collegamento ipertestuale, n\u00e9 l&#039;accettazione da parte di CAMILLA SARAH MARKS dei suoi contenuti o servizi.<\/p>\n<h2>INDIRIZZI IP<\/h2>\n<p>I server del sito web saranno in grado di rilevare automaticamente l&#039;indirizzo IP e il nome di dominio utilizzati dall&#039;utente. Un indirizzo IP \u00e8 un numero assegnato automaticamente a un computer quando si connette a Internet. Tutte queste informazioni vengono registrate in un file di attivit\u00e0 del server debitamente registrato, il che consente la successiva elaborazione dei dati al fine di ottenere misurazioni puramente statistiche che consentono di conoscere il numero di impressioni di pagina, il numero di visite effettuate ai servizi web, l&#039;ordine delle visite, il punto di accesso, ecc.<\/p>\n<h2>ESCLUSIONE DI GARANZIE E RESPONSABILIT\u00c0<\/h2>\n<p>CAMILLA SARAH MARKS non \u00e8 responsabile per eventuali danni che possano derivare da interferenze, omissioni, interruzioni, virus informatici, guasti e\/o disconnessioni nel funzionamento operativo di questo sistema elettronico o nelle apparecchiature e dispositivi informatici degli utenti, causati da cause al di fuori del controllo di CAMILLA SARAH MARKS, che impediscano o ritardino la prestazione dei servizi o la navigazione sul sito web, n\u00e9 per ritardi o blocchi nell&#039;uso causati da carenze o sovraccarichi di Internet o di altri sistemi elettronici, n\u00e9 per l&#039;impossibilit\u00e0 di prestare il servizio o consentirne l&#039;accesso per cause non imputabili a CAMILLA SARAH MARKS, dovute all&#039;utente, a terzi o a casi di forza maggiore. CAMILLA SARAH MARKS in genere non controlla l&#039;uso che gli utenti fanno del sito web. In particolare, CAMILLA SARAH MARKS non \u00e8 in nessun caso tenuta a garantire che gli utenti utilizzino il sito web in conformit\u00e0 con la legge, le presenti Condizioni Generali, la morale generalmente accettata, i buoni costumi e l&#039;ordine pubblico, n\u00e9 che lo facciano in modo diligente e prudente.<\/p>\n<p>I prodotti presentati sul sito web sono conformi alla legislazione spagnola. CAMILLA SARAH MARKS non pu\u00f2 essere ritenuta responsabile per i prodotti che non siano conformi alla legislazione dei paesi in cui sono stati spediti in base all&#039;ordine del cliente. Spetta quindi ai clienti al di fuori della Spagna verificare la possibilit\u00e0 di importare o utilizzare i prodotti richiesti.<\/p>\n<h2>MODIFICHE<\/h2>\n<p>CAMILLA SARAH MARKS si riserva il diritto di apportare al proprio sito web tutte le modifiche che riterr\u00e0 opportune senza preavviso. Pu\u00f2 anche modificare, eliminare o aggiungere contenuti e servizi forniti tramite il sito web, nonch\u00e9 il modo in cui vengono presentati o posizionati sul sito web.<\/p>\n<h2>LINK<\/h2>\n<p>Nel caso in cui www.camillamarks.com contenga link o collegamenti ipertestuali ad altri siti Internet, CAMILLA SARAH MARKS non eserciter\u00e0 alcun tipo di controllo su tali siti e contenuti. In nessun caso CAMILLA SARAH MARKS si assumer\u00e0 alcuna responsabilit\u00e0 per il contenuto di qualsiasi collegamento appartenente a un sito Web di terze parti, n\u00e9 garantir\u00e0 la disponibilit\u00e0 tecnica, la qualit\u00e0, l&#039;affidabilit\u00e0, l&#039;accuratezza, la completezza, la veridicit\u00e0, la validit\u00e0 e la costituzionalit\u00e0 di qualsiasi materiale o informazione contenuta in tali collegamenti ipertestuali o altri siti Internet. Allo stesso modo, l&#039;inclusione di tali collegamenti esterni non implicher\u00e0 alcun tipo di associazione, fusione o partecipazione con le entit\u00e0 collegate.<\/p>\n<h2>DIRITTO DI ESCLUSIONE<\/h2>\n<p>CAMILLA SARAH MARKS si riserva il diritto di negare o revocare l&#039;accesso al portale e\/o ai servizi offerti senza preavviso, su richiesta propria o di terzi, agli utenti che non rispettino le presenti Condizioni Generali d&#039;Uso.<\/p>\n<h2>GENERALIT\u00c0<\/h2>\n<p>CAMILLA SARAH MARKS perseguir\u00e0 qualsiasi violazione dei presenti termini e condizioni, nonch\u00e9 qualsiasi uso improprio del proprio sito web, esercitando tutte le azioni civili e penali che la legge le riconoscer\u00e0.<\/p>\n<h2>MODIFICA DELLE PRESENTI CONDIZIONI E DURATA<\/h2>\n<p>CAMILLA SARAH MARKS pu\u00f2 modificare in qualsiasi momento le condizioni qui stabilite, che saranno debitamente pubblicate cos\u00ec come appaiono qui. La validit\u00e0 delle presenti condizioni dipender\u00e0 dalla loro esposizione e resteranno in vigore fino a quando non saranno modificate da altre condizioni debitamente pubblicate.<span class=\"Apple-converted-space\">\u00a0<\/span><\/p>\n<h2>SICUREZZA<\/h2>\n<p>Il sito web utilizza tecniche di sicurezza informatica riconosciute dal settore, quali firewall, procedure di controllo degli accessi e meccanismi crittografici, tutti allo scopo di impedire l&#039;accesso non autorizzato ai dati. Per raggiungere tali scopi, l&#039;utente\/cliente acconsente che il fornitore possa acquisire dati ai fini della corrispondente autenticazione dei controlli di accesso.<\/p>\n<p>Ogni processo di assunzione o processo che comporti l&#039;inserimento di dati personali altamente sensibili (salute, ideologia, ecc.) sar\u00e0 sempre trasmesso tramite un protocollo di comunicazione sicuro (https:\/\/), in modo che nessuna terza parte abbia accesso alle informazioni trasmesse elettronicamente.<\/p>\n<h2>LEGISLAZIONE APPLICABILE E GIURISDIZIONE<\/h2>\n<p>Il rapporto tra CAMILLA SARAH MARKS e l&#039;UTENTE sar\u00e0 regolato dalla legislazione spagnola vigente e qualsiasi controversia sar\u00e0 sottoposta alle corti e ai tribunali competenti.<\/p>","protected":false},"excerpt":{"rendered":"<p>TITULARIDAD En cumplimiento de las obligaciones establecidas en el art\u00edculo 10 de la Ley 34\/2002, de 11 de julio, de Servicios de la Sociedad de la Informaci\u00f3n y Comercio Electr\u00f3nico, se hace constar que esta p\u00e1gina corresponde a la entidad: Titular: &#8211;\u00a0 Domicilio: Tfno: Mail: Web: Para cualquier consulta, puede contactar con en \u00a0o en [&hellip;]<\/p>\n","protected":false},"author":1,"featured_media":0,"parent":0,"menu_order":9,"comment_status":"closed","ping_status":"closed","template":"","meta":{"_joinchat":[],"footnotes":""},"class_list":["post-75","page","type-page","status-publish","hentry"],"yoast_head":"<!-- This site is optimized with the Yoast SEO plugin v27.4 - https:\/\/yoast.com\/product\/yoast-seo-wordpress\/ -->\n<title>Aviso legal - Camilla Marks<\/title>\n<meta name=\"description\" content=\"Aviso legal de Camilla Marks\" \/>\n<meta name=\"robots\" content=\"index, follow, max-snippet:-1, max-image-preview:large, max-video-preview:-1\" \/>\n<link rel=\"canonical\" href=\"https:\/\/camillamarks.com\/it\/avviso-legale\/\" \/>\n<meta property=\"og:locale\" content=\"it_IT\" \/>\n<meta property=\"og:type\" content=\"article\" \/>\n<meta property=\"og:title\" content=\"Aviso legal - Camilla Marks\" \/>\n<meta property=\"og:description\" content=\"Aviso legal de Camilla Marks\" \/>\n<meta property=\"og:url\" content=\"https:\/\/camillamarks.com\/it\/avviso-legale\/\" \/>\n<meta property=\"og:site_name\" content=\"Camilla Marks\" \/>\n<meta property=\"article:publisher\" content=\"https:\/\/facebook.com\/camiandjoy\/\" \/>\n<meta property=\"article:modified_time\" content=\"2023-11-05T16:42:47+00:00\" \/>\n<meta name=\"twitter:card\" content=\"summary_large_image\" \/>\n<script type=\"application\/ld+json\" class=\"yoast-schema-graph\">{\"@context\":\"https:\\\/\\\/schema.org\",\"@graph\":[{\"@type\":\"WebPage\",\"@id\":\"https:\\\/\\\/camillamarks.com\\\/aviso-legal\\\/\",\"url\":\"https:\\\/\\\/camillamarks.com\\\/aviso-legal\\\/\",\"name\":\"Aviso legal - Camilla Marks\",\"isPartOf\":{\"@id\":\"https:\\\/\\\/camillamarks.com\\\/#website\"},\"datePublished\":\"2023-03-01T12:36:51+00:00\",\"dateModified\":\"2023-11-05T16:42:47+00:00\",\"description\":\"Aviso legal de Camilla Marks\",\"breadcrumb\":{\"@id\":\"https:\\\/\\\/camillamarks.com\\\/aviso-legal\\\/#breadcrumb\"},\"inLanguage\":\"it-IT\",\"potentialAction\":[{\"@type\":\"ReadAction\",\"target\":[\"https:\\\/\\\/camillamarks.com\\\/aviso-legal\\\/\"]}]},{\"@type\":\"BreadcrumbList\",\"@id\":\"https:\\\/\\\/camillamarks.com\\\/aviso-legal\\\/#breadcrumb\",\"itemListElement\":[{\"@type\":\"ListItem\",\"position\":1,\"name\":\"Inicio\",\"item\":\"https:\\\/\\\/camillamarks.com\\\/\"},{\"@type\":\"ListItem\",\"position\":2,\"name\":\"Aviso legal\"}]},{\"@type\":\"WebSite\",\"@id\":\"https:\\\/\\\/camillamarks.com\\\/#website\",\"url\":\"https:\\\/\\\/camillamarks.com\\\/\",\"name\":\"Camilla Marks\",\"description\":\"Comadrona, aromaterapia, educadora masaje infantil\",\"publisher\":{\"@id\":\"https:\\\/\\\/camillamarks.com\\\/#organization\"},\"potentialAction\":[{\"@type\":\"SearchAction\",\"target\":{\"@type\":\"EntryPoint\",\"urlTemplate\":\"https:\\\/\\\/camillamarks.com\\\/?s={search_term_string}\"},\"query-input\":{\"@type\":\"PropertyValueSpecification\",\"valueRequired\":true,\"valueName\":\"search_term_string\"}}],\"inLanguage\":\"it-IT\"},{\"@type\":\"Organization\",\"@id\":\"https:\\\/\\\/camillamarks.com\\\/#organization\",\"name\":\"Camilla Marks\",\"url\":\"https:\\\/\\\/camillamarks.com\\\/\",\"logo\":{\"@type\":\"ImageObject\",\"inLanguage\":\"it-IT\",\"@id\":\"https:\\\/\\\/camillamarks.com\\\/#\\\/schema\\\/logo\\\/image\\\/\",\"url\":\"https:\\\/\\\/camillamarks.com\\\/wp-content\\\/uploads\\\/2024\\\/09\\\/logo_camilla_marks.svg\",\"contentUrl\":\"https:\\\/\\\/camillamarks.com\\\/wp-content\\\/uploads\\\/2024\\\/09\\\/logo_camilla_marks.svg\",\"width\":1452,\"height\":1080,\"caption\":\"Camilla Marks\"},\"image\":{\"@id\":\"https:\\\/\\\/camillamarks.com\\\/#\\\/schema\\\/logo\\\/image\\\/\"},\"sameAs\":[\"https:\\\/\\\/facebook.com\\\/camiandjoy\\\/\",\"https:\\\/\\\/www.instagram.com\\\/marks.camilla\\\/\"]}]}<\/script>\n<!-- \/ Yoast SEO plugin. -->","yoast_head_json":{"title":"Note legali - Camilla Marks","description":"Note legali di Camilla Marks","robots":{"index":"index","follow":"follow","max-snippet":"max-snippet:-1","max-image-preview":"max-image-preview:large","max-video-preview":"max-video-preview:-1"},"canonical":"https:\/\/camillamarks.com\/it\/avviso-legale\/","og_locale":"it_IT","og_type":"article","og_title":"Aviso legal - Camilla Marks","og_description":"Aviso legal de Camilla Marks","og_url":"https:\/\/camillamarks.com\/it\/avviso-legale\/","og_site_name":"Camilla Marks","article_publisher":"https:\/\/facebook.com\/camiandjoy\/","article_modified_time":"2023-11-05T16:42:47+00:00","twitter_card":"summary_large_image","schema":{"@context":"https:\/\/schema.org","@graph":[{"@type":"WebPage","@id":"https:\/\/camillamarks.com\/aviso-legal\/","url":"https:\/\/camillamarks.com\/aviso-legal\/","name":"Note legali - Camilla Marks","isPartOf":{"@id":"https:\/\/camillamarks.com\/#website"},"datePublished":"2023-03-01T12:36:51+00:00","dateModified":"2023-11-05T16:42:47+00:00","description":"Note legali di Camilla Marks","breadcrumb":{"@id":"https:\/\/camillamarks.com\/aviso-legal\/#breadcrumb"},"inLanguage":"it-IT","potentialAction":[{"@type":"ReadAction","target":["https:\/\/camillamarks.com\/aviso-legal\/"]}]},{"@type":"BreadcrumbList","@id":"https:\/\/camillamarks.com\/aviso-legal\/#breadcrumb","itemListElement":[{"@type":"ListItem","position":1,"name":"Inicio","item":"https:\/\/camillamarks.com\/"},{"@type":"ListItem","position":2,"name":"Aviso legal"}]},{"@type":"WebSite","@id":"https:\/\/camillamarks.com\/#website","url":"https:\/\/camillamarks.com\/","name":"Camilla Marks","description":"Ostetrica, aromaterapia, educatrice al massaggio infantile","publisher":{"@id":"https:\/\/camillamarks.com\/#organization"},"potentialAction":[{"@type":"SearchAction","target":{"@type":"EntryPoint","urlTemplate":"https:\/\/camillamarks.com\/?s={search_term_string}"},"query-input":{"@type":"PropertyValueSpecification","valueRequired":true,"valueName":"search_term_string"}}],"inLanguage":"it-IT"},{"@type":"Organization","@id":"https:\/\/camillamarks.com\/#organization","name":"Camilla Marks","url":"https:\/\/camillamarks.com\/","logo":{"@type":"ImageObject","inLanguage":"it-IT","@id":"https:\/\/camillamarks.com\/#\/schema\/logo\/image\/","url":"https:\/\/camillamarks.com\/wp-content\/uploads\/2024\/09\/logo_camilla_marks.svg","contentUrl":"https:\/\/camillamarks.com\/wp-content\/uploads\/2024\/09\/logo_camilla_marks.svg","width":1452,"height":1080,"caption":"Camilla Marks"},"image":{"@id":"https:\/\/camillamarks.com\/#\/schema\/logo\/image\/"},"sameAs":["https:\/\/facebook.com\/camiandjoy\/","https:\/\/www.instagram.com\/marks.camilla\/"]}]}},"_links":{"self":[{"href":"https:\/\/camillamarks.com\/it\/wp-json\/wp\/v2\/pages\/75","targetHints":{"allow":["GET"]}}],"collection":[{"href":"https:\/\/camillamarks.com\/it\/wp-json\/wp\/v2\/pages"}],"about":[{"href":"https:\/\/camillamarks.com\/it\/wp-json\/wp\/v2\/types\/page"}],"author":[{"embeddable":true,"href":"https:\/\/camillamarks.com\/it\/wp-json\/wp\/v2\/users\/1"}],"replies":[{"embeddable":true,"href":"https:\/\/camillamarks.com\/it\/wp-json\/wp\/v2\/comments?post=75"}],"version-history":[{"count":1,"href":"https:\/\/camillamarks.com\/it\/wp-json\/wp\/v2\/pages\/75\/revisions"}],"predecessor-version":[{"id":397,"href":"https:\/\/camillamarks.com\/it\/wp-json\/wp\/v2\/pages\/75\/revisions\/397"}],"wp:attachment":[{"href":"https:\/\/camillamarks.com\/it\/wp-json\/wp\/v2\/media?parent=75"}],"curies":[{"name":"wp","href":"https:\/\/api.w.org\/{rel}","templated":true}]}}