{"id":35,"date":"2023-03-01T17:25:34","date_gmt":"2023-03-01T16:25:34","guid":{"rendered":"https:\/\/camillamarks.com\/?page_id=35"},"modified":"2023-11-05T17:42:50","modified_gmt":"2023-11-05T16:42:50","slug":"politica-sulla-riservatezza","status":"publish","type":"page","link":"https:\/\/camillamarks.com\/it\/politica-de-privacidad\/","title":{"rendered":"politica sulla riservatezza"},"content":{"rendered":"<p>In ottemperanza agli obblighi stabiliti dalla Legge Organica 3\/2018, del 5 dicembre, sulla Protezione dei Dati Personali e Garanzia<span class=\"Apple-converted-space\">\u00a0<\/span>dei Diritti Digitali e dell&#039;articolo 10 della Legge 34\/2002, dell&#039;11 luglio, sui Servizi della Societ\u00e0 dell&#039;Informazione e del Commercio Elettronico, le forniamo le informazioni relative al trattamento dei suoi dati personali:<\/p>\n<h2>Chi \u00e8 responsabile del trattamento dei tuoi dati?<\/h2>\n<p>Proprietario: CAMILLA SARAH MARKS \u2013 X6360184V<br \/>\nIndirizzo: Sajolida, 27 - Sant Pere de Ribes 08810<br \/>\nTelefono: 622 439 143<br \/>\nE-mail: camilla.marks@gmail.com<br \/>\nSito web: www.camillamarks.com<br \/>\n<\/p>\n<p>Per qualsiasi domanda, contattare CAMILLA SARAH MARKS all&#039;indirizzo camilla.marks@gmail.com<\/p>\n<p>I nostri orari di assistenza clienti sono: dalle 9:00 alle 21:00 dal luned\u00ec al venerd\u00ec, dalle 10:00 alle 14:00 il sabato. Puoi contattarci nel modo che preferisci.<\/p>\n<p>Ci riserviamo il diritto di modificare o adattare la presente Informativa sulla privacy in qualsiasi momento. Ti consigliamo di consultarla e, se ti sei registrato e hai effettuato l&#039;accesso al tuo account o profilo, sarai informato delle modifiche.<\/p>\n<p>Se appartieni a uno dei seguenti gruppi, consulta le informazioni:<\/p>\n<h2>CONTATTI WEB O EMAIL<\/h2>\n<h3>Quali dati raccogliamo tramite il Web?<\/h3>\n<p>Potremmo trattare in forma anonima il tuo indirizzo IP, il sistema operativo o il browser e perfino la durata della tua visita. Se ci fornisci informazioni nel modulo di contatto, verrai identificato e potremo contattarti se necessario.<\/p>\n<h3>Per quali finalit\u00e0 tratteremo i tuoi dati personali?<\/h3>\n<ul>\n<li>Rispondere alle vostre domande, richieste o petizioni.<\/li>\n<li>Gestire il servizio richiesto, rispondere alla tua richiesta o elaborare la tua petizione.<\/li>\n<li>Informazioni tramite mezzi elettronici, relative alla tua richiesta.<\/li>\n<li>Informazioni commerciali o di eventi tramite mezzi elettronici, a condizione che vi sia espressa autorizzazione.<\/li>\n<li>Condurre analisi e miglioramenti sul Web in merito ai nostri prodotti e servizi.<span class=\"Apple-converted-space\">\u00a0 <\/span>Migliorare la nostra strategia aziendale.<\/li>\n<\/ul>\n<h3>Qual \u00e8 la legittimit\u00e0 del trattamento dei tuoi dati?<\/h3>\n<p>Accettazione e consenso dell&#039;interessato: Nei casi in cui per inoltrare una richiesta sia necessario compilare un modulo e cliccare sul pulsante di invio, ci\u00f2 implicher\u00e0 necessariamente che l&#039;utente sia stato informato e abbia prestato espressamente il proprio consenso al contenuto della clausola allegata al suddetto modulo o all&#039;accettazione dell&#039;informativa sulla privacy. Tutti i nostri moduli hanno il simbolo * nei dati richiesti. Se non si compilano questi campi o non si seleziona la casella di controllo per l&#039;accettazione dell&#039;informativa sulla privacy, le informazioni non verranno inviate. Di solito ha la seguente formula: &quot;\u25a1 Ho pi\u00f9 di 14 anni e ho letto e accetto l&#039;Informativa sulla privacy&quot;.<\/p>\n<h2>CLIENTI<\/h2>\n<h3>Per quali finalit\u00e0 tratteremo i tuoi dati personali?<\/h3>\n<ul>\n<li>Preparazione e monitoraggio del budget attraverso comunicazioni tra entrambe le parti.<\/li>\n<li>Informazioni tramite mezzi elettronici, relative alla tua richiesta.<\/li>\n<li>Informazioni commerciali o di eventi tramite mezzi elettronici, a condizione che vi sia espressa autorizzazione.<\/li>\n<li>Gestire i servizi amministrativi, di comunicazione e logistici forniti dal Titolare del trattamento.<\/li>\n<li>Fatturazione e presentazione delle imposte appropriate.<\/li>\n<li>Eseguire le transazioni corrispondenti.<\/li>\n<li>Procedure di controllo e recupero.<\/li>\n<\/ul>\n<h2>FORNITORI<\/h2>\n<h3>Per quali finalit\u00e0 tratteremo i tuoi dati personali?<\/h3>\n<ul>\n<li>Informazioni tramite mezzi elettronici, relative alla tua richiesta.<\/li>\n<li>Informazioni commerciali o di eventi tramite mezzi elettronici, a condizione che vi sia espressa autorizzazione.<\/li>\n<li>Gestire i servizi amministrativi, di comunicazione e logistici forniti dal Titolare del trattamento.<\/li>\n<li>Fatturazione.<\/li>\n<li>Eseguire le transazioni corrispondenti.<\/li>\n<li>Fatturazione e presentazione delle imposte appropriate.<\/li>\n<li>Procedure di controllo e recupero.<\/li>\n<\/ul>\n<h3>Qual \u00e8 la legittimit\u00e0 del trattamento dei tuoi dati?<\/h3>\n<p>La base giuridica \u00e8 l&#039;accettazione di un rapporto contrattuale o, in mancanza, il tuo consenso quando ci contatti o ci offri i tuoi prodotti tramite qualsiasi mezzo.<\/p>\n<h2>CONTATTI DEI SOCIAL NETWORK<\/h2>\n<h3>Per quali finalit\u00e0 tratteremo i tuoi dati personali?<\/h3>\n<ul>\n<li>Rispondere alle vostre domande e richieste<span class=\"Apple-converted-space\">\u00a0 <\/span>o richieste.<\/li>\n<li>Gestire il servizio richiesto, rispondere alla tua richiesta o elaborare la tua petizione.<\/li>\n<li>Connettiti con loro e crea una community di follower.<\/li>\n<\/ul>\n<h3>Qual \u00e8 la legittimit\u00e0 del trattamento dei tuoi dati?<\/h3>\n<p>Accettazione di un rapporto contrattuale nell&#039;ambito del corrispondente ambiente di social network e in conformit\u00e0 con le sue politiche sulla privacy:<\/p>\n<ul>\n<li>Fai clic su Mi Piace <a href=\"http:\/\/www.facebook.com\/policy.php?ref=pf#_blank\">http:\/\/www.facebook.com\/policy.php?ref=pf<\/a><\/li>\n<li>Profilo utente <a href=\"https:\/\/help.instagram.com\/155833707900388#_blank\">https:\/\/help.instagram.com\/155833707900388<\/a><\/li>\n<li>Cinguettio\u00a0<a href=\"http:\/\/twitter.com\/privacy#_blank\">http:\/\/twitter.com\/privacy<\/a><\/li>\n<li>Pinterest <a href=\"https:\/\/about.pinterest.com\/es\/privacy-policy#_blank\">https:\/\/about.pinterest.com\/es\/privacy-policy<\/a><\/li>\n<li>Google* <a href=\"http:\/\/www.google.com\/intl\/es\/policies\/privacy\/#_blank\">http:\/\/www.google.com\/intl\/es\/policies\/privacy\/<\/a> *(Google+ e Youtube)<\/li>\n<\/ul>\n<h3>Per quanto tempo conserveremo i dati personali?<\/h3>\n<p>Possiamo visualizzare o eliminare i tuoi dati solo in modo limitato, poich\u00e9 abbiamo un profilo specifico. Li elaboreremo finch\u00e9 ci consentirai di continuare a seguirti, di essere tuo amico o di cliccare sui pulsanti &quot;Mi piace&quot;, &quot;Segui&quot; o simili. Eventuali correzioni ai tuoi dati o limitazioni su informazioni o pubblicazioni dovranno essere effettuate tramite il tuo profilo o le impostazioni utente sul social network stesso.<\/p>\n<h2>Includiamo dati personali di terze parti?<\/h2>\n<p>No, di norma trattiamo solo i dati che ci vengono forniti dagli interessati. S\u00ec<span class=\"Apple-converted-space\">\u00a0<\/span>Se ci fornisci dati di terze parti, dovrai prima informare e richiedere il consenso di tali persone, altrimenti ci esonererai da ogni responsabilit\u00e0 per il mancato rispetto di tale obbligo.<\/p>\n<h3>E i dati sui minori?<\/h3>\n<p>Non trattiamo dati di minori di 14 anni. Pertanto, ti preghiamo di astenerti dal fornirli se hai meno di tale et\u00e0 o, ove applicabile, dal fornire dati di terzi che abbiano meno di tale et\u00e0. CAMILLA SARAH MARKS declina ogni responsabilit\u00e0 per il mancato rispetto della presente disposizione.<\/p>\n<h2>Comunicheremo elettronicamente?<\/h2>\n<ul>\n<li>Questi dati verranno utilizzati solo per elaborare la tua richiesta, se questa \u00e8 una delle modalit\u00e0 di contatto che ci hai fornito.<\/li>\n<li>Se effettuiamo comunicazioni commerciali, queste saranno state preventivamente ed espressamente<span class=\"Apple-converted-space\">\u00a0 <\/span>da voi autorizzato.<\/li>\n<\/ul>\n<h2>Quali misure di sicurezza applichiamo?<\/h2>\n<p>Siate certi: abbiamo adottato un livello ottimale di protezione per i Dati Personali che gestiamo e abbiamo implementato tutti i mezzi e le misure tecniche disponibili, basati sullo stato dell&#039;arte, per prevenire la perdita, l&#039;uso improprio, l&#039;alterazione, l&#039;accesso non autorizzato e il furto dei Dati Personali.<\/p>\n<h2>A quali destinatari verranno comunicati i tuoi dati?<\/h2>\n<p>I tuoi dati non saranno condivisi con terze parti, salvo ove richiesto dalla legge. In particolare, saranno comunicati all&#039;Agenzia delle Entrate dello Stato e a banche e istituti finanziari per l&#039;incasso del servizio erogato o del prodotto acquistato, nonch\u00e9 ai responsabili del trattamento necessari per l&#039;esecuzione del contratto. In caso di acquisto o pagamento, se scegli un&#039;app, un sito web, una piattaforma, una carta bancaria o un altro servizio online, i tuoi dati verranno trasferiti a quella piattaforma o elaborati all&#039;interno del suo ambiente, sempre con la massima sicurezza. Su nostra istruzione, la nostra societ\u00e0 di sviluppo e manutenzione web o la nostra societ\u00e0 di hosting avranno accesso al nostro sito web. Avranno firmato un contratto di fornitura di servizi che li obbliga a mantenere lo stesso livello di privacy che abbiamo noi.<\/p>\n<p>Ogni trasferimento internazionale di dati tramite applicazioni americane sar\u00e0 soggetto alle opportune garanzie richieste dal GDPR, che garantisce che le aziende di software americane rispettino le politiche europee sulla protezione dei dati in materia di privacy.<\/p>\n<h2>Quali sono i tuoi diritti?<\/h2>\n<ul>\n<li>Per sapere se stiamo elaborando o meno i tuoi dati.<\/li>\n<li>Per accedere ai tuoi dati personali.<\/li>\n<li>Richiedere la rettifica dei tuoi dati se inesatti.<\/li>\n<li>Di richiedere la cancellazione dei tuoi dati se non sono pi\u00f9 necessari per le finalit\u00e0 per le quali sono stati raccolti o se revochi il consenso prestato.<\/li>\n<li>Di richiedere la limitazione del trattamento dei tuoi dati, in determinati casi, nel qual caso li conserveremo solo in conformit\u00e0 con la normativa vigente.<\/li>\n<li>Per trasferire i tuoi dati, che ti saranno forniti in un formato strutturato, di uso comune o leggibile da dispositivo automatico. Se preferisci, possiamo inviarli al nuovo responsabile da te designato. \u00c8 valido solo in determinati casi.<\/li>\n<li>Per presentare un reclamo all&#039;Agenzia spagnola per la protezione dei dati o all&#039;autorit\u00e0 di controllo competente se ritieni che non ti abbiamo assistito adeguatamente.<\/li>\n<li>Di revocare in qualsiasi momento il consenso a qualsiasi trattamento a cui hai acconsentito.<\/li>\n<\/ul>\n<p>Se modifichi le tue informazioni, faccelo sapere cos\u00ec possiamo tenerle aggiornate.<\/p>\n<h3>Desideri un modulo per esercitare i tuoi diritti?<\/h3>\n<ul>\n<li>Disponiamo di moduli per l&#039;esercizio dei tuoi diritti, richiedici i moduli tramite<span class=\"Apple-converted-space\">\u00a0 <\/span>e-mail o, se preferisci, puoi utilizzare quelli predisposti dall&#039;Agenzia spagnola per la protezione dei dati o da terze parti.<\/li>\n<li>Questi moduli devono essere firmati elettronicamente o accompagnati da una fotocopia del documento d&#039;identit\u00e0.<\/li>\n<li>Se qualcuno ti rappresenta, devi allegare una copia del suo documento d&#039;identit\u00e0 o farglielo firmare elettronicamente.<\/li>\n<li>I moduli possono essere consegnati di persona, spediti per posta oppure inviati via e-mail all&#039;indirizzo del Titolare del trattamento indicato all&#039;inizio del presente testo.<\/li>\n<\/ul>\n<h3>Quanto tempo impieghiamo per rispondere all&#039;esercizio dei tuoi diritti?<\/h3>\n<p>Dipende dalla legge, ma al massimo entro un mese dalla tua richiesta e due mesi se la questione \u00e8 molto complessa e ti comunichiamo che abbiamo bisogno di pi\u00f9 tempo.<\/p>\n<h2>Elaboriamo i cookie?<\/h2>\n<p>Se utilizziamo cookie diversi da quelli necessari, puoi consultare la politica sui cookie cliccando sul link corrispondente nella parte superiore del nostro sito web.<\/p>\n<h2>Per quanto tempo conserveremo i tuoi dati personali?<\/h2>\n<ul>\n<li>I dati personali saranno conservati finch\u00e9 rimarrai associato a noi.<\/li>\n<li>Una volta annullata l&#039;iscrizione, i dati personali trattati per ciascuna finalit\u00e0 saranno conservati per i periodi previsti dalla legge, ivi compreso il periodo in cui un giudice o un tribunale ne faccia richiesta, ai sensi dei termini di prescrizione delle azioni legali.<\/li>\n<li>I dati trattati saranno conservati fintantoch\u00e9 non decorrano i termini di legge sopra indicati, qualora esista un obbligo legale di conservazione, ovvero in assenza di tale termine di legge, fino a che l&#039;interessato non ne chieda la cancellazione o revochi il consenso prestato.<\/li>\n<li>Conserveremo tutte le informazioni e le comunicazioni relative al tuo acquisto o alla fornitura del nostro servizio per tutta la durata delle garanzie del prodotto o del servizio, al fine di gestire eventuali reclami.<\/li>\n<\/ul>","protected":false},"excerpt":{"rendered":"<p>En cumplimiento de las obligaciones establecidas en la Ley Org\u00e1nica 3\/2018, de 5 de diciembre, de Protecci\u00f3n de Datos Personales y Garant\u00eda\u00a0de los Derechos Digitales y del art\u00edculo 10 de la Ley 34\/2002, de 11 de julio, de Servicios de la Sociedad de la Informaci\u00f3n y Comercio Electr\u00f3nico, se le facilita la informaci\u00f3n relativa al [&hellip;]<\/p>\n","protected":false},"author":1,"featured_media":0,"parent":0,"menu_order":9,"comment_status":"closed","ping_status":"closed","template":"","meta":{"_joinchat":[],"footnotes":""},"class_list":["post-35","page","type-page","status-publish","hentry"],"yoast_head":"<!-- This site is optimized with the Yoast SEO plugin v27.4 - https:\/\/yoast.com\/product\/yoast-seo-wordpress\/ -->\n<title>Pol\u00edtica de privacidad - Camilla Marks<\/title>\n<meta name=\"description\" content=\"Pol\u00edtica de privacidad de Camilla Marks\" \/>\n<meta name=\"robots\" content=\"index, follow, max-snippet:-1, max-image-preview:large, max-video-preview:-1\" \/>\n<link rel=\"canonical\" href=\"https:\/\/camillamarks.com\/it\/politica-sulla-riservatezza\/\" \/>\n<meta property=\"og:locale\" content=\"it_IT\" \/>\n<meta property=\"og:type\" content=\"article\" \/>\n<meta property=\"og:title\" content=\"Pol\u00edtica de privacidad - Camilla Marks\" \/>\n<meta property=\"og:description\" content=\"Pol\u00edtica de privacidad de Camilla Marks\" \/>\n<meta property=\"og:url\" content=\"https:\/\/camillamarks.com\/it\/politica-sulla-riservatezza\/\" \/>\n<meta property=\"og:site_name\" content=\"Camilla Marks\" \/>\n<meta property=\"article:publisher\" content=\"https:\/\/facebook.com\/camiandjoy\/\" \/>\n<meta property=\"article:modified_time\" content=\"2023-11-05T16:42:50+00:00\" \/>\n<meta name=\"twitter:card\" content=\"summary_large_image\" \/>\n<script type=\"application\/ld+json\" class=\"yoast-schema-graph\">{\"@context\":\"https:\\\/\\\/schema.org\",\"@graph\":[{\"@type\":\"WebPage\",\"@id\":\"https:\\\/\\\/camillamarks.com\\\/politica-de-privacidad\\\/\",\"url\":\"https:\\\/\\\/camillamarks.com\\\/politica-de-privacidad\\\/\",\"name\":\"Pol\u00edtica de privacidad - Camilla Marks\",\"isPartOf\":{\"@id\":\"https:\\\/\\\/camillamarks.com\\\/#website\"},\"datePublished\":\"2023-03-01T16:25:34+00:00\",\"dateModified\":\"2023-11-05T16:42:50+00:00\",\"description\":\"Pol\u00edtica de privacidad de Camilla Marks\",\"breadcrumb\":{\"@id\":\"https:\\\/\\\/camillamarks.com\\\/politica-de-privacidad\\\/#breadcrumb\"},\"inLanguage\":\"it-IT\",\"potentialAction\":[{\"@type\":\"ReadAction\",\"target\":[\"https:\\\/\\\/camillamarks.com\\\/politica-de-privacidad\\\/\"]}]},{\"@type\":\"BreadcrumbList\",\"@id\":\"https:\\\/\\\/camillamarks.com\\\/politica-de-privacidad\\\/#breadcrumb\",\"itemListElement\":[{\"@type\":\"ListItem\",\"position\":1,\"name\":\"Inicio\",\"item\":\"https:\\\/\\\/camillamarks.com\\\/\"},{\"@type\":\"ListItem\",\"position\":2,\"name\":\"Pol\u00edtica de privacidad\"}]},{\"@type\":\"WebSite\",\"@id\":\"https:\\\/\\\/camillamarks.com\\\/#website\",\"url\":\"https:\\\/\\\/camillamarks.com\\\/\",\"name\":\"Camilla Marks\",\"description\":\"Comadrona, aromaterapia, educadora masaje infantil\",\"publisher\":{\"@id\":\"https:\\\/\\\/camillamarks.com\\\/#organization\"},\"potentialAction\":[{\"@type\":\"SearchAction\",\"target\":{\"@type\":\"EntryPoint\",\"urlTemplate\":\"https:\\\/\\\/camillamarks.com\\\/?s={search_term_string}\"},\"query-input\":{\"@type\":\"PropertyValueSpecification\",\"valueRequired\":true,\"valueName\":\"search_term_string\"}}],\"inLanguage\":\"it-IT\"},{\"@type\":\"Organization\",\"@id\":\"https:\\\/\\\/camillamarks.com\\\/#organization\",\"name\":\"Camilla Marks\",\"url\":\"https:\\\/\\\/camillamarks.com\\\/\",\"logo\":{\"@type\":\"ImageObject\",\"inLanguage\":\"it-IT\",\"@id\":\"https:\\\/\\\/camillamarks.com\\\/#\\\/schema\\\/logo\\\/image\\\/\",\"url\":\"https:\\\/\\\/camillamarks.com\\\/wp-content\\\/uploads\\\/2024\\\/09\\\/logo_camilla_marks.svg\",\"contentUrl\":\"https:\\\/\\\/camillamarks.com\\\/wp-content\\\/uploads\\\/2024\\\/09\\\/logo_camilla_marks.svg\",\"width\":1452,\"height\":1080,\"caption\":\"Camilla Marks\"},\"image\":{\"@id\":\"https:\\\/\\\/camillamarks.com\\\/#\\\/schema\\\/logo\\\/image\\\/\"},\"sameAs\":[\"https:\\\/\\\/facebook.com\\\/camiandjoy\\\/\",\"https:\\\/\\\/www.instagram.com\\\/marks.camilla\\\/\"]}]}<\/script>\n<!-- \/ Yoast SEO plugin. -->","yoast_head_json":{"title":"Informativa sulla privacy - Camilla Marks","description":"Informativa sulla privacy di Camilla Marks","robots":{"index":"index","follow":"follow","max-snippet":"max-snippet:-1","max-image-preview":"max-image-preview:large","max-video-preview":"max-video-preview:-1"},"canonical":"https:\/\/camillamarks.com\/it\/politica-sulla-riservatezza\/","og_locale":"it_IT","og_type":"article","og_title":"Pol\u00edtica de privacidad - Camilla Marks","og_description":"Pol\u00edtica de privacidad de Camilla Marks","og_url":"https:\/\/camillamarks.com\/it\/politica-sulla-riservatezza\/","og_site_name":"Camilla Marks","article_publisher":"https:\/\/facebook.com\/camiandjoy\/","article_modified_time":"2023-11-05T16:42:50+00:00","twitter_card":"summary_large_image","schema":{"@context":"https:\/\/schema.org","@graph":[{"@type":"WebPage","@id":"https:\/\/camillamarks.com\/politica-de-privacidad\/","url":"https:\/\/camillamarks.com\/politica-de-privacidad\/","name":"Informativa sulla privacy - Camilla Marks","isPartOf":{"@id":"https:\/\/camillamarks.com\/#website"},"datePublished":"2023-03-01T16:25:34+00:00","dateModified":"2023-11-05T16:42:50+00:00","description":"Informativa sulla privacy di Camilla Marks","breadcrumb":{"@id":"https:\/\/camillamarks.com\/politica-de-privacidad\/#breadcrumb"},"inLanguage":"it-IT","potentialAction":[{"@type":"ReadAction","target":["https:\/\/camillamarks.com\/politica-de-privacidad\/"]}]},{"@type":"BreadcrumbList","@id":"https:\/\/camillamarks.com\/politica-de-privacidad\/#breadcrumb","itemListElement":[{"@type":"ListItem","position":1,"name":"Inicio","item":"https:\/\/camillamarks.com\/"},{"@type":"ListItem","position":2,"name":"Pol\u00edtica de privacidad"}]},{"@type":"WebSite","@id":"https:\/\/camillamarks.com\/#website","url":"https:\/\/camillamarks.com\/","name":"Camilla Marks","description":"Ostetrica, aromaterapia, educatrice al massaggio infantile","publisher":{"@id":"https:\/\/camillamarks.com\/#organization"},"potentialAction":[{"@type":"SearchAction","target":{"@type":"EntryPoint","urlTemplate":"https:\/\/camillamarks.com\/?s={search_term_string}"},"query-input":{"@type":"PropertyValueSpecification","valueRequired":true,"valueName":"search_term_string"}}],"inLanguage":"it-IT"},{"@type":"Organization","@id":"https:\/\/camillamarks.com\/#organization","name":"Camilla Marks","url":"https:\/\/camillamarks.com\/","logo":{"@type":"ImageObject","inLanguage":"it-IT","@id":"https:\/\/camillamarks.com\/#\/schema\/logo\/image\/","url":"https:\/\/camillamarks.com\/wp-content\/uploads\/2024\/09\/logo_camilla_marks.svg","contentUrl":"https:\/\/camillamarks.com\/wp-content\/uploads\/2024\/09\/logo_camilla_marks.svg","width":1452,"height":1080,"caption":"Camilla Marks"},"image":{"@id":"https:\/\/camillamarks.com\/#\/schema\/logo\/image\/"},"sameAs":["https:\/\/facebook.com\/camiandjoy\/","https:\/\/www.instagram.com\/marks.camilla\/"]}]}},"_links":{"self":[{"href":"https:\/\/camillamarks.com\/it\/wp-json\/wp\/v2\/pages\/35","targetHints":{"allow":["GET"]}}],"collection":[{"href":"https:\/\/camillamarks.com\/it\/wp-json\/wp\/v2\/pages"}],"about":[{"href":"https:\/\/camillamarks.com\/it\/wp-json\/wp\/v2\/types\/page"}],"author":[{"embeddable":true,"href":"https:\/\/camillamarks.com\/it\/wp-json\/wp\/v2\/users\/1"}],"replies":[{"embeddable":true,"href":"https:\/\/camillamarks.com\/it\/wp-json\/wp\/v2\/comments?post=35"}],"version-history":[{"count":1,"href":"https:\/\/camillamarks.com\/it\/wp-json\/wp\/v2\/pages\/35\/revisions"}],"predecessor-version":[{"id":398,"href":"https:\/\/camillamarks.com\/it\/wp-json\/wp\/v2\/pages\/35\/revisions\/398"}],"wp:attachment":[{"href":"https:\/\/camillamarks.com\/it\/wp-json\/wp\/v2\/media?parent=35"}],"curies":[{"name":"wp","href":"https:\/\/api.w.org\/{rel}","templated":true}]}}